{"id":2291,"date":"2025-09-21T17:54:24","date_gmt":"2025-09-21T15:54:24","guid":{"rendered":"https:\/\/literartium.ovh\/?page_id=2291"},"modified":"2025-09-21T18:12:42","modified_gmt":"2025-09-21T16:12:42","slug":"decouvrir","status":"publish","type":"page","link":"https:\/\/literartium.ovh\/index.php\/decouvrir\/","title":{"rendered":"D\u00c9COUVRIR"},"content":{"rendered":"\n<div class=\"wp-block-media-text is-stacked-on-mobile\" style=\"grid-template-columns:40% auto\"><figure class=\"wp-block-media-text__media\"><img loading=\"lazy\" decoding=\"async\" width=\"1024\" height=\"766\" src=\"https:\/\/literartium.ovh\/wp-content\/uploads\/2023\/12\/IMG_20230616_085725-1024x766.jpg\" alt=\"\" class=\"wp-image-146 size-full\" srcset=\"https:\/\/literartium.ovh\/wp-content\/uploads\/2023\/12\/IMG_20230616_085725-1024x766.jpg 1024w, https:\/\/literartium.ovh\/wp-content\/uploads\/2023\/12\/IMG_20230616_085725-300x224.jpg 300w, https:\/\/literartium.ovh\/wp-content\/uploads\/2023\/12\/IMG_20230616_085725-768x575.jpg 768w, https:\/\/literartium.ovh\/wp-content\/uploads\/2023\/12\/IMG_20230616_085725-1536x1149.jpg 1536w, https:\/\/literartium.ovh\/wp-content\/uploads\/2023\/12\/IMG_20230616_085725-2048x1532.jpg 2048w\" sizes=\"auto, (max-width: 1024px) 100vw, 1024px\" \/><\/figure><div class=\"wp-block-media-text__content\">\n<h1 class=\"wp-block-heading\"><em>Quelques rais de soleil \u00e0 saisir de-ci de-l\u00e0, \u00e0 travers la mastodonte majest\u00e9 de la cr\u00e9ation !<\/em><\/h1>\n<\/div><\/div>\n\n\n\n<p><\/p>\n\n\n\n<p><\/p>\n\n\n\n<div class=\"wp-block-media-text has-media-on-the-right is-stacked-on-mobile\" style=\"grid-template-columns:auto 38%\"><div class=\"wp-block-media-text__content\">\n<h1 class=\"wp-block-heading\"><strong>La cr\u00e9ativit\u00e9<\/strong><\/h1>\n\n\n\n<h2 class=\"wp-block-heading\"><em>Au sujet de la cr\u00e9ativit\u00e9, comme au sujet du temps, il suffit de laisser couler, sans pens\u00e9e r\u00e9tr\u00e9cie, sans id\u00e9e pr\u00e9con\u00e7ue. Il suffit de tout pailleter de ce qui vient de tout autour.<\/em><\/h2>\n<\/div><figure class=\"wp-block-media-text__media\"><img loading=\"lazy\" decoding=\"async\" width=\"1024\" height=\"846\" src=\"https:\/\/literartium.ovh\/wp-content\/uploads\/2025\/09\/IMG_20220526_120009-1024x846.jpg\" alt=\"\" class=\"wp-image-2292 size-full\" srcset=\"https:\/\/literartium.ovh\/wp-content\/uploads\/2025\/09\/IMG_20220526_120009-1024x846.jpg 1024w, https:\/\/literartium.ovh\/wp-content\/uploads\/2025\/09\/IMG_20220526_120009-300x248.jpg 300w, https:\/\/literartium.ovh\/wp-content\/uploads\/2025\/09\/IMG_20220526_120009-768x635.jpg 768w, https:\/\/literartium.ovh\/wp-content\/uploads\/2025\/09\/IMG_20220526_120009-1536x1270.jpg 1536w, https:\/\/literartium.ovh\/wp-content\/uploads\/2025\/09\/IMG_20220526_120009-2048x1693.jpg 2048w\" sizes=\"auto, (max-width: 1024px) 100vw, 1024px\" \/><\/figure><\/div>\n\n\n\n<p><\/p>\n\n\n\n<p><\/p>\n\n\n\n<h2 class=\"wp-block-heading has-text-align-center\"><strong>Etat de gr\u00e2ce<\/strong><\/h2>\n\n\n\n<p class=\"has-text-align-center\">La lumi\u00e8re dessine l\u2019espace<br>Tranchant d\u2019un trait la surface<br>Le chat d\u00e9ploie sa gr\u00e2ce<br>Dans ce scintillement<br>Sphinx install\u00e9 royalement&nbsp;<br>Sur la table de la terrasse<br>Il veille et en m\u00eame temps se d\u00e9lasse&nbsp;<br>Parfaite immobilit\u00e9 habit\u00e9e d\u2019une place&nbsp;<br>La lumi\u00e8re s\u2019estompe fugace&nbsp;<br>Deux fentes lumineuses d\u2019audace<br>Avalent le d\u00e9cor<br>Hypnotiques traces d\u2019un \u00e9clat trop fort<br>Sans bruit je laisse l\u2019endroit qui dort<br>Empli d\u2019une gr\u00e2ce donn\u00e9e<\/p>\n\n\n\n<p class=\"has-text-align-center\"><em>Mars 2024<\/em><\/p>\n\n\n\n<div class=\"wp-block-media-text is-stacked-on-mobile\" style=\"grid-template-columns:18% auto\"><figure class=\"wp-block-media-text__media\"><img loading=\"lazy\" decoding=\"async\" width=\"766\" height=\"1024\" src=\"https:\/\/literartium.ovh\/wp-content\/uploads\/2025\/09\/IMG_20220831_173143-766x1024.jpg\" alt=\"\" class=\"wp-image-2296 size-full\" srcset=\"https:\/\/literartium.ovh\/wp-content\/uploads\/2025\/09\/IMG_20220831_173143-766x1024.jpg 766w, https:\/\/literartium.ovh\/wp-content\/uploads\/2025\/09\/IMG_20220831_173143-224x300.jpg 224w, https:\/\/literartium.ovh\/wp-content\/uploads\/2025\/09\/IMG_20220831_173143-768x1026.jpg 768w, https:\/\/literartium.ovh\/wp-content\/uploads\/2025\/09\/IMG_20220831_173143-scaled.jpg 1916w\" sizes=\"auto, (max-width: 766px) 100vw, 766px\" \/><\/figure><div class=\"wp-block-media-text__content\">\n<p><strong>IMMOBILE<\/strong><\/p>\n\n\n\n<p>Si je m\u2019arr\u00eate<br>La nature m\u2019embrasse<br>Si je m\u2019arr\u00eate<br>Le temps s\u2019\u00e9tire&nbsp;<br>Si je m\u2019arr\u00eate<br>Mon c\u0153ur se dilate<br>Si je m\u2019arr\u00eate<br>Mon souffle m\u2019emplit<br>Si je m\u2019arr\u00eate<br>Je vis<br>Et de l\u00e0<br>Je repars&nbsp;<br>Enrichie de l\u2019invisible<\/p>\n\n\n\n<p class=\"has-text-align-center\">Janvier 2024<\/p>\n<\/div><\/div>\n\n\n\n<p><\/p>\n\n\n\n<div class=\"wp-block-media-text has-media-on-the-right is-stacked-on-mobile\" style=\"grid-template-columns:auto 27%\"><div class=\"wp-block-media-text__content\">\n<h2 class=\"wp-block-heading\"><strong>Entre les lignes<\/strong><\/h2>\n\n\n\n<p>Ramasser des coquillages nacr\u00e9s d\u2019aquarelles sur la plage<\/p>\n\n\n\n<p>L\u2019espace de l\u2019infini, ouvrir la fen\u00eatre du ciel<\/p>\n\n\n\n<p>Les filaments du sable moir\u00e9<\/p>\n\n\n\n<p>Pour perdre le sens&nbsp;<\/p>\n\n\n\n<p>Pour voir&nbsp;<\/p>\n\n\n\n<p>Je me consume, je suis consum\u00e9e, je m\u2019arr\u00eate<\/p>\n\n\n\n<p>Libre dans les airs et les jardins des hommes<\/p>\n\n\n\n<p>Nourrie \u00e0 la gr\u00e2ce de la Cr\u00e9ation<\/p>\n\n\n\n<p>D\u2019o\u00f9 pleut abondamment la v\u00e9rit\u00e9&nbsp;!<\/p>\n\n\n\n<p>Mes vell\u00e9it\u00e9s&nbsp;<\/p>\n\n\n\n<p>Comme rebondissent des balles en douces arabesques<\/p>\n\n\n\n<p>S\u2019\u00e9vanouissent<\/p>\n\n\n\n<p>Creuses, \u00e9vapor\u00e9es, ass\u00e9ch\u00e9es,<\/p>\n\n\n\n<p>Poussi\u00e8res de lumi\u00e8res pass\u00e9es<\/p>\n\n\n\n<p>Fant\u00f4mes de promesses oubli\u00e9es,&nbsp;<\/p>\n\n\n\n<p>De d\u00e9sirs \u00e9gar\u00e9s,<\/p>\n\n\n\n<p>Du chemin perdu<\/p>\n\n\n\n<p>Abandonn\u00e9&nbsp;<\/p>\n\n\n\n<p><em>Juillet 2025 \u00e0 La Pierre Qui Vire<\/em><\/p>\n<\/div><figure class=\"wp-block-media-text__media\"><img loading=\"lazy\" decoding=\"async\" width=\"766\" height=\"1024\" src=\"https:\/\/literartium.ovh\/wp-content\/uploads\/2025\/09\/IMG_20220930_162617-766x1024.jpg\" alt=\"\" class=\"wp-image-2283 size-full\" srcset=\"https:\/\/literartium.ovh\/wp-content\/uploads\/2025\/09\/IMG_20220930_162617-766x1024.jpg 766w, https:\/\/literartium.ovh\/wp-content\/uploads\/2025\/09\/IMG_20220930_162617-224x300.jpg 224w, https:\/\/literartium.ovh\/wp-content\/uploads\/2025\/09\/IMG_20220930_162617-768x1026.jpg 768w, https:\/\/literartium.ovh\/wp-content\/uploads\/2025\/09\/IMG_20220930_162617-1149x1536.jpg 1149w, https:\/\/literartium.ovh\/wp-content\/uploads\/2025\/09\/IMG_20220930_162617-1532x2048.jpg 1532w, https:\/\/literartium.ovh\/wp-content\/uploads\/2025\/09\/IMG_20220930_162617-scaled.jpg 1916w\" sizes=\"auto, (max-width: 766px) 100vw, 766px\" \/><\/figure><\/div>\n","protected":false},"excerpt":{"rendered":"<p>Quelques rais de soleil \u00e0 saisir de-ci de-l\u00e0, \u00e0 travers la mastodonte majest\u00e9 de la cr\u00e9ation ! La cr\u00e9ativit\u00e9 Au sujet de la cr\u00e9ativit\u00e9, comme au sujet du temps, il suffit de laisser couler, sans pens\u00e9e r\u00e9tr\u00e9cie, sans id\u00e9e pr\u00e9con\u00e7ue. Il suffit de tout pailleter de ce qui vient de tout autour. Etat de gr\u00e2ce [&hellip;]<\/p>\n","protected":false},"author":1,"featured_media":0,"parent":0,"menu_order":0,"comment_status":"closed","ping_status":"closed","template":"","meta":{"ocean_post_layout":"","ocean_both_sidebars_style":"","ocean_both_sidebars_content_width":0,"ocean_both_sidebars_sidebars_width":0,"ocean_sidebar":"","ocean_second_sidebar":"","ocean_disable_margins":"enable","ocean_add_body_class":"","ocean_shortcode_before_top_bar":"","ocean_shortcode_after_top_bar":"","ocean_shortcode_before_header":"","ocean_shortcode_after_header":"","ocean_has_shortcode":"","ocean_shortcode_after_title":"","ocean_shortcode_before_footer_widgets":"","ocean_shortcode_after_footer_widgets":"","ocean_shortcode_before_footer_bottom":"","ocean_shortcode_after_footer_bottom":"","ocean_display_top_bar":"default","ocean_display_header":"default","ocean_header_style":"","ocean_center_header_left_menu":"","ocean_custom_header_template":"","ocean_custom_logo":0,"ocean_custom_retina_logo":0,"ocean_custom_logo_max_width":0,"ocean_custom_logo_tablet_max_width":0,"ocean_custom_logo_mobile_max_width":0,"ocean_custom_logo_max_height":0,"ocean_custom_logo_tablet_max_height":0,"ocean_custom_logo_mobile_max_height":0,"ocean_header_custom_menu":"","ocean_menu_typo_font_family":"","ocean_menu_typo_font_subset":"","ocean_menu_typo_font_size":0,"ocean_menu_typo_font_size_tablet":0,"ocean_menu_typo_font_size_mobile":0,"ocean_menu_typo_font_size_unit":"px","ocean_menu_typo_font_weight":"","ocean_menu_typo_font_weight_tablet":"","ocean_menu_typo_font_weight_mobile":"","ocean_menu_typo_transform":"","ocean_menu_typo_transform_tablet":"","ocean_menu_typo_transform_mobile":"","ocean_menu_typo_line_height":0,"ocean_menu_typo_line_height_tablet":0,"ocean_menu_typo_line_height_mobile":0,"ocean_menu_typo_line_height_unit":"","ocean_menu_typo_spacing":0,"ocean_menu_typo_spacing_tablet":0,"ocean_menu_typo_spacing_mobile":0,"ocean_menu_typo_spacing_unit":"","ocean_menu_link_color":"","ocean_menu_link_color_hover":"","ocean_menu_link_color_active":"","ocean_menu_link_background":"","ocean_menu_link_hover_background":"","ocean_menu_link_active_background":"","ocean_menu_social_links_bg":"","ocean_menu_social_hover_links_bg":"","ocean_menu_social_links_color":"","ocean_menu_social_hover_links_color":"","ocean_disable_title":"default","ocean_disable_heading":"default","ocean_post_title":"","ocean_post_subheading":"","ocean_post_title_style":"","ocean_post_title_background_color":"","ocean_post_title_background":0,"ocean_post_title_bg_image_position":"","ocean_post_title_bg_image_attachment":"","ocean_post_title_bg_image_repeat":"","ocean_post_title_bg_image_size":"","ocean_post_title_height":0,"ocean_post_title_bg_overlay":0.5,"ocean_post_title_bg_overlay_color":"","ocean_disable_breadcrumbs":"default","ocean_breadcrumbs_color":"","ocean_breadcrumbs_separator_color":"","ocean_breadcrumbs_links_color":"","ocean_breadcrumbs_links_hover_color":"","ocean_display_footer_widgets":"default","ocean_display_footer_bottom":"default","ocean_custom_footer_template":"","jetpack_post_was_ever_published":false,"footnotes":""},"class_list":["post-2291","page","type-page","status-publish","hentry","entry"],"jetpack_sharing_enabled":true,"_links":{"self":[{"href":"https:\/\/literartium.ovh\/index.php\/wp-json\/wp\/v2\/pages\/2291","targetHints":{"allow":["GET"]}}],"collection":[{"href":"https:\/\/literartium.ovh\/index.php\/wp-json\/wp\/v2\/pages"}],"about":[{"href":"https:\/\/literartium.ovh\/index.php\/wp-json\/wp\/v2\/types\/page"}],"author":[{"embeddable":true,"href":"https:\/\/literartium.ovh\/index.php\/wp-json\/wp\/v2\/users\/1"}],"replies":[{"embeddable":true,"href":"https:\/\/literartium.ovh\/index.php\/wp-json\/wp\/v2\/comments?post=2291"}],"version-history":[{"count":8,"href":"https:\/\/literartium.ovh\/index.php\/wp-json\/wp\/v2\/pages\/2291\/revisions"}],"predecessor-version":[{"id":2309,"href":"https:\/\/literartium.ovh\/index.php\/wp-json\/wp\/v2\/pages\/2291\/revisions\/2309"}],"wp:attachment":[{"href":"https:\/\/literartium.ovh\/index.php\/wp-json\/wp\/v2\/media?parent=2291"}],"curies":[{"name":"wp","href":"https:\/\/api.w.org\/{rel}","templated":true}]}}