{"id":232,"date":"2024-01-02T17:59:18","date_gmt":"2024-01-02T16:59:18","guid":{"rendered":"https:\/\/literartium.ovh\/?page_id=232"},"modified":"2024-03-31T22:21:38","modified_gmt":"2024-03-31T20:21:38","slug":"a-propos","status":"publish","type":"page","link":"https:\/\/literartium.ovh\/index.php\/a-propos\/","title":{"rendered":"A propos"},"content":{"rendered":"\n<div class=\"wp-block-media-text is-stacked-on-mobile\" style=\"grid-template-columns:22% auto\"><figure class=\"wp-block-media-text__media\"><img loading=\"lazy\" decoding=\"async\" width=\"778\" height=\"1024\" src=\"https:\/\/literartium.ovh\/wp-content\/uploads\/2024\/01\/1689591874905-2-778x1024.jpg\" alt=\"\" class=\"wp-image-499 size-full\" srcset=\"https:\/\/literartium.ovh\/wp-content\/uploads\/2024\/01\/1689591874905-2-778x1024.jpg 778w, https:\/\/literartium.ovh\/wp-content\/uploads\/2024\/01\/1689591874905-2-228x300.jpg 228w, https:\/\/literartium.ovh\/wp-content\/uploads\/2024\/01\/1689591874905-2-768x1010.jpg 768w, https:\/\/literartium.ovh\/wp-content\/uploads\/2024\/01\/1689591874905-2-1168x1536.jpg 1168w, https:\/\/literartium.ovh\/wp-content\/uploads\/2024\/01\/1689591874905-2-1557x2048.jpg 1557w, https:\/\/literartium.ovh\/wp-content\/uploads\/2024\/01\/1689591874905-2-scaled.jpg 1946w\" sizes=\"auto, (max-width: 778px) 100vw, 778px\" \/><\/figure><div class=\"wp-block-media-text__content\">\n<p><\/p>\n\n\n\n<blockquote class=\"wp-block-quote is-layout-flow wp-block-quote-is-layout-flow\">\n<p>Comme le tranquille \u00e9tang est vite troubl\u00e9 par les vents qui passent !<\/p>\n\n\n\n<p>Non, ami, ne cherche pas le bonheur dans ce qui se trouble.<\/p>\n\n\n\n<p>Il n&rsquo;y a qu&rsquo;une voie, un seul chemin. Il est en toi-m\u00eame, \u00e0 travers ton propre coeur.<\/p>\n<cite>Le Chant de la vie, IX, J. Krishnamurti<\/cite><\/blockquote>\n<\/div><\/div>\n\n\n\n<div style=\"height:100px\" aria-hidden=\"true\" class=\"wp-block-spacer\"><\/div>\n\n\n\n<h2 class=\"wp-block-heading has-text-align-center\"><strong>Rosemary KAIDI<\/strong><\/h2>\n\n\n<div class=\"wp-block-image\">\n<figure class=\"alignright size-large is-resized\"><img loading=\"lazy\" decoding=\"async\" width=\"768\" height=\"1024\" src=\"https:\/\/literartium.ovh\/wp-content\/uploads\/2024\/03\/received_749222757324549-1-768x1024.jpeg\" alt=\"\" class=\"wp-image-750\" style=\"aspect-ratio:0.7512562814070352;width:248px;height:auto\" srcset=\"https:\/\/literartium.ovh\/wp-content\/uploads\/2024\/03\/received_749222757324549-1-768x1024.jpeg 768w, https:\/\/literartium.ovh\/wp-content\/uploads\/2024\/03\/received_749222757324549-1-225x300.jpeg 225w, https:\/\/literartium.ovh\/wp-content\/uploads\/2024\/03\/received_749222757324549-1-1152x1536.jpeg 1152w, https:\/\/literartium.ovh\/wp-content\/uploads\/2024\/03\/received_749222757324549-1.jpeg 1290w\" sizes=\"auto, (max-width: 768px) 100vw, 768px\" \/><\/figure>\n<\/div>\n\n\n<p class=\"has-text-align-left\">N\u00e9e en 1964 en Espagne, je vis actuellement dans les Monts du Lyonnais entre Lyon et St Etienne.<\/p>\n\n\n\n<p class=\"has-text-align-left\">Professeure de lettres classiques dans le secondaire, j&rsquo;ai depuis l\u2019enfance, trouv\u00e9 dans la pratique artistique (danse, th\u00e9\u00e2tre, art du conte, \u00e9criture et peinture) un espace de libert\u00e9 et de joie d\u2019\u00eatre l\u00e0.<\/p>\n\n\n\n<p class=\"has-text-align-left\">Il m&rsquo;a fallu un certain temps de maturation pour manifester cet int\u00e9r\u00eat, tel qu&rsquo;il appara\u00eet aujourd&rsquo;hui.<\/p>\n\n\n\n<p class=\"has-text-align-left\">J&rsquo;aime pour \u00e9clairer ma d\u00e9marche d\u2019artiste citer Laurent Gaud\u00e9 : &nbsp; &nbsp; &nbsp;&nbsp;<strong>\u00ab<\/strong>&nbsp;<em>[\u2026]&nbsp;<strong>accepter son propre d\u00e9sir. Il n\u2019y a pas de crime \u00e0 ne pas avoir d\u2019envie artistique [\u2026] par contre, je crois, qu\u2019il y en a un quand m\u00eame, \u00e0 avoir ce d\u00e9sir-l\u00e0, \u00e0 avoir les capacit\u00e9s de ce d\u00e9sir et \u00e0 ne pas oser le faire, \u00e7a serait l\u00e0 le seul crime possible vis-\u00e0-vis de soi-m\u00eame<\/strong>&nbsp;[\u2026]<\/em>. \u00bb<\/p>\n\n\n\n<div style=\"height:100px\" aria-hidden=\"true\" class=\"wp-block-spacer\"><\/div>\n\n\n\n<h2 class=\"wp-block-heading has-text-align-center\"><strong>AnimaeScripta<\/strong> &#8211; Les ateliers d&rsquo;\u00e9criture<\/h2>\n\n\n\n<div class=\"wp-block-jetpack-tiled-gallery aligncenter is-style-rectangular\"><div class=\"tiled-gallery__gallery\"><div class=\"tiled-gallery__row\"><div class=\"tiled-gallery__col\" style=\"flex-basis:26.46827%\"><figure class=\"tiled-gallery__item\"><img decoding=\"async\" srcset=\"https:\/\/i0.wp.com\/literartium.ovh\/wp-content\/uploads\/2024\/01\/IMG_20210728_211331-766x1024.jpg?strip=info&#038;w=600&#038;ssl=1 600w,https:\/\/i0.wp.com\/literartium.ovh\/wp-content\/uploads\/2024\/01\/IMG_20210728_211331-766x1024.jpg?strip=info&#038;w=900&#038;ssl=1 900w,https:\/\/i0.wp.com\/literartium.ovh\/wp-content\/uploads\/2024\/01\/IMG_20210728_211331-766x1024.jpg?strip=info&#038;w=1200&#038;ssl=1 1200w,https:\/\/i0.wp.com\/literartium.ovh\/wp-content\/uploads\/2024\/01\/IMG_20210728_211331-766x1024.jpg?strip=info&#038;w=1500&#038;ssl=1 1500w,https:\/\/i0.wp.com\/literartium.ovh\/wp-content\/uploads\/2024\/01\/IMG_20210728_211331-766x1024.jpg?strip=info&#038;w=1800&#038;ssl=1 1800w,https:\/\/i0.wp.com\/literartium.ovh\/wp-content\/uploads\/2024\/01\/IMG_20210728_211331-766x1024.jpg?strip=info&#038;w=1916&#038;ssl=1 1916w\" alt=\"\" data-height=\"2560\" data-id=\"388\" data-link=\"https:\/\/literartium.ovh\/img_20210728_211331\/\" data-url=\"https:\/\/literartium.ovh\/wp-content\/uploads\/2024\/01\/IMG_20210728_211331-766x1024.jpg\" data-width=\"1916\" src=\"https:\/\/i0.wp.com\/literartium.ovh\/wp-content\/uploads\/2024\/01\/IMG_20210728_211331-766x1024.jpg?ssl=1\" data-amp-layout=\"responsive\"\/><\/figure><\/div><div class=\"tiled-gallery__col\" style=\"flex-basis:47.06346%\"><figure class=\"tiled-gallery__item\"><img decoding=\"async\" srcset=\"https:\/\/i2.wp.com\/literartium.ovh\/wp-content\/uploads\/2024\/01\/IMG_0864-1024x768.jpg?strip=info&#038;w=600&#038;ssl=1 600w,https:\/\/i2.wp.com\/literartium.ovh\/wp-content\/uploads\/2024\/01\/IMG_0864-1024x768.jpg?strip=info&#038;w=900&#038;ssl=1 900w,https:\/\/i2.wp.com\/literartium.ovh\/wp-content\/uploads\/2024\/01\/IMG_0864-1024x768.jpg?strip=info&#038;w=1200&#038;ssl=1 1200w,https:\/\/i2.wp.com\/literartium.ovh\/wp-content\/uploads\/2024\/01\/IMG_0864-1024x768.jpg?strip=info&#038;w=1500&#038;ssl=1 1500w,https:\/\/i2.wp.com\/literartium.ovh\/wp-content\/uploads\/2024\/01\/IMG_0864-1024x768.jpg?strip=info&#038;w=1800&#038;ssl=1 1800w,https:\/\/i2.wp.com\/literartium.ovh\/wp-content\/uploads\/2024\/01\/IMG_0864-1024x768.jpg?strip=info&#038;w=2000&#038;ssl=1 2000w\" alt=\"\" data-height=\"1920\" data-id=\"392\" data-link=\"https:\/\/literartium.ovh\/index.php\/literartium\/img_0864\/\" data-url=\"https:\/\/literartium.ovh\/wp-content\/uploads\/2024\/01\/IMG_0864-1024x768.jpg\" data-width=\"2560\" src=\"https:\/\/i2.wp.com\/literartium.ovh\/wp-content\/uploads\/2024\/01\/IMG_0864-1024x768.jpg?ssl=1\" data-amp-layout=\"responsive\"\/><\/figure><\/div><div class=\"tiled-gallery__col\" style=\"flex-basis:26.46827%\"><figure class=\"tiled-gallery__item\"><img decoding=\"async\" srcset=\"https:\/\/i1.wp.com\/literartium.ovh\/wp-content\/uploads\/2024\/01\/IMG_20220323_155721-766x1024.jpg?strip=info&#038;w=600&#038;ssl=1 600w,https:\/\/i1.wp.com\/literartium.ovh\/wp-content\/uploads\/2024\/01\/IMG_20220323_155721-766x1024.jpg?strip=info&#038;w=900&#038;ssl=1 900w,https:\/\/i1.wp.com\/literartium.ovh\/wp-content\/uploads\/2024\/01\/IMG_20220323_155721-766x1024.jpg?strip=info&#038;w=1200&#038;ssl=1 1200w,https:\/\/i1.wp.com\/literartium.ovh\/wp-content\/uploads\/2024\/01\/IMG_20220323_155721-766x1024.jpg?strip=info&#038;w=1500&#038;ssl=1 1500w,https:\/\/i1.wp.com\/literartium.ovh\/wp-content\/uploads\/2024\/01\/IMG_20220323_155721-766x1024.jpg?strip=info&#038;w=1800&#038;ssl=1 1800w,https:\/\/i1.wp.com\/literartium.ovh\/wp-content\/uploads\/2024\/01\/IMG_20220323_155721-766x1024.jpg?strip=info&#038;w=1916&#038;ssl=1 1916w\" alt=\"\" data-height=\"2560\" data-id=\"407\" data-link=\"https:\/\/literartium.ovh\/img_20220323_155721\/\" data-url=\"https:\/\/literartium.ovh\/wp-content\/uploads\/2024\/01\/IMG_20220323_155721-766x1024.jpg\" data-width=\"1916\" src=\"https:\/\/i1.wp.com\/literartium.ovh\/wp-content\/uploads\/2024\/01\/IMG_20220323_155721-766x1024.jpg?ssl=1\" data-amp-layout=\"responsive\"\/><\/figure><\/div><\/div><\/div><\/div>\n\n\n\n<p>Quant \u00e0 l\u2019\u00e9criture, elle est sortie de sa grotte obscure gr\u00e2ce au suivi de la formation \u00e0 l\u2019animation d\u2019ateliers d\u2019\u00e9criture en 2015-2016 \u00e0 Lyon 2 aupr\u00e8s d\u2019Isabelle Sarcey cr\u00e9atrice d\u2019<strong>Iscriptura<\/strong>. L\u2019entit\u00e9&nbsp;<strong>AnimaeScripta<\/strong>&nbsp;est tout naturellement n\u00e9e \u00e0 la suite de cette exp\u00e9rience.&nbsp;<\/p>\n\n\n\n<div style=\"height:100px\" aria-hidden=\"true\" class=\"wp-block-spacer\"><\/div>\n\n\n\n<h2 class=\"wp-block-heading has-text-align-center\"><strong>Pictura<\/strong> &#8211; L&rsquo;expression picturale<\/h2>\n\n\n\n<div class=\"wp-block-jetpack-tiled-gallery aligncenter is-style-rectangular\"><div class=\"tiled-gallery__gallery\"><div class=\"tiled-gallery__row\"><div class=\"tiled-gallery__col\" style=\"flex-basis:24.47671%\"><figure class=\"tiled-gallery__item\"><img decoding=\"async\" srcset=\"https:\/\/i2.wp.com\/literartium.ovh\/wp-content\/uploads\/2024\/01\/1689591452342-718x1024.jpg?strip=info&#038;w=600&#038;ssl=1 600w,https:\/\/i2.wp.com\/literartium.ovh\/wp-content\/uploads\/2024\/01\/1689591452342-718x1024.jpg?strip=info&#038;w=900&#038;ssl=1 900w,https:\/\/i2.wp.com\/literartium.ovh\/wp-content\/uploads\/2024\/01\/1689591452342-718x1024.jpg?strip=info&#038;w=1200&#038;ssl=1 1200w,https:\/\/i2.wp.com\/literartium.ovh\/wp-content\/uploads\/2024\/01\/1689591452342-718x1024.jpg?strip=info&#038;w=1500&#038;ssl=1 1500w,https:\/\/i2.wp.com\/literartium.ovh\/wp-content\/uploads\/2024\/01\/1689591452342-718x1024.jpg?strip=info&#038;w=1796&#038;ssl=1 1796w\" alt=\"\" data-height=\"2560\" data-id=\"547\" data-link=\"https:\/\/literartium.ovh\/index.php\/pictura\/1689591452342-2\/\" data-url=\"https:\/\/literartium.ovh\/wp-content\/uploads\/2024\/01\/1689591452342-718x1024.jpg\" data-width=\"1796\" src=\"https:\/\/i2.wp.com\/literartium.ovh\/wp-content\/uploads\/2024\/01\/1689591452342-718x1024.jpg?ssl=1\" data-amp-layout=\"responsive\"\/><\/figure><\/div><div class=\"tiled-gallery__col\" style=\"flex-basis:48.95776%\"><figure class=\"tiled-gallery__item\"><img decoding=\"async\" srcset=\"https:\/\/i2.wp.com\/literartium.ovh\/wp-content\/uploads\/2024\/01\/IMG_20230715_1225392-1024x728.jpg?strip=info&#038;w=600&#038;ssl=1 600w,https:\/\/i2.wp.com\/literartium.ovh\/wp-content\/uploads\/2024\/01\/IMG_20230715_1225392-1024x728.jpg?strip=info&#038;w=900&#038;ssl=1 900w,https:\/\/i2.wp.com\/literartium.ovh\/wp-content\/uploads\/2024\/01\/IMG_20230715_1225392-1024x728.jpg?strip=info&#038;w=1200&#038;ssl=1 1200w,https:\/\/i2.wp.com\/literartium.ovh\/wp-content\/uploads\/2024\/01\/IMG_20230715_1225392-1024x728.jpg?strip=info&#038;w=1500&#038;ssl=1 1500w,https:\/\/i2.wp.com\/literartium.ovh\/wp-content\/uploads\/2024\/01\/IMG_20230715_1225392-1024x728.jpg?strip=info&#038;w=1800&#038;ssl=1 1800w,https:\/\/i2.wp.com\/literartium.ovh\/wp-content\/uploads\/2024\/01\/IMG_20230715_1225392-1024x728.jpg?strip=info&#038;w=2000&#038;ssl=1 2000w\" alt=\"\" data-height=\"1820\" data-id=\"586\" data-link=\"https:\/\/literartium.ovh\/index.php\/pictura\/img_20230715_1225392\/\" data-url=\"https:\/\/literartium.ovh\/wp-content\/uploads\/2024\/01\/IMG_20230715_1225392-1024x728.jpg\" data-width=\"2560\" src=\"https:\/\/i2.wp.com\/literartium.ovh\/wp-content\/uploads\/2024\/01\/IMG_20230715_1225392-1024x728.jpg?ssl=1\" data-amp-layout=\"responsive\"\/><\/figure><\/div><div class=\"tiled-gallery__col\" style=\"flex-basis:26.56554%\"><figure class=\"tiled-gallery__item\"><img decoding=\"async\" srcset=\"https:\/\/i1.wp.com\/literartium.ovh\/wp-content\/uploads\/2023\/12\/IMG_20230716_093246-b-780x1024.jpg?strip=info&#038;w=600&#038;ssl=1 600w,https:\/\/i1.wp.com\/literartium.ovh\/wp-content\/uploads\/2023\/12\/IMG_20230716_093246-b-780x1024.jpg?strip=info&#038;w=900&#038;ssl=1 900w,https:\/\/i1.wp.com\/literartium.ovh\/wp-content\/uploads\/2023\/12\/IMG_20230716_093246-b-780x1024.jpg?strip=info&#038;w=1200&#038;ssl=1 1200w,https:\/\/i1.wp.com\/literartium.ovh\/wp-content\/uploads\/2023\/12\/IMG_20230716_093246-b-780x1024.jpg?strip=info&#038;w=1500&#038;ssl=1 1500w,https:\/\/i1.wp.com\/literartium.ovh\/wp-content\/uploads\/2023\/12\/IMG_20230716_093246-b-780x1024.jpg?strip=info&#038;w=1800&#038;ssl=1 1800w,https:\/\/i1.wp.com\/literartium.ovh\/wp-content\/uploads\/2023\/12\/IMG_20230716_093246-b-780x1024.jpg?strip=info&#038;w=1950&#038;ssl=1 1950w\" alt=\"\" data-height=\"2560\" data-id=\"150\" data-link=\"https:\/\/literartium.ovh\/img_20230716_093246-b\/\" data-url=\"https:\/\/literartium.ovh\/wp-content\/uploads\/2023\/12\/IMG_20230716_093246-b-780x1024.jpg\" data-width=\"1950\" src=\"https:\/\/i1.wp.com\/literartium.ovh\/wp-content\/uploads\/2023\/12\/IMG_20230716_093246-b-780x1024.jpg?ssl=1\" data-amp-layout=\"responsive\"\/><\/figure><\/div><\/div><\/div><\/div>\n\n\n\n<p>La peinture et les arts plastiques ont r\u00e9ellement pris corps pour moi \u00e0 partir de 2009, d\u2019abord aupr\u00e8s de l\u2019artiste-peintre expressionniste Jo\u00eblle Rousselet jusqu\u2019en 2016. Ensuite ma pratique s\u2019est enrichie avec d\u2019autres influences dont celles de l\u2019artiste plasticienne Muriel Ney<\/p>\n\n\n\n<p class=\"has-text-align-center\"><\/p>\n\n\n\n<p class=\"has-text-align-left\"><\/p>\n","protected":false},"excerpt":{"rendered":"<p>Rosemary KAIDI N\u00e9e en 1964 en Espagne, je vis actuellement dans les Monts du Lyonnais entre Lyon et St Etienne. Professeure de lettres classiques dans le secondaire, j&rsquo;ai depuis l\u2019enfance, trouv\u00e9 dans la pratique artistique (danse, th\u00e9\u00e2tre, art du conte, \u00e9criture et peinture) un espace de libert\u00e9 et de joie d\u2019\u00eatre l\u00e0. Il m&rsquo;a fallu [&hellip;]<\/p>\n","protected":false},"author":1,"featured_media":0,"parent":0,"menu_order":0,"comment_status":"closed","ping_status":"closed","template":"","meta":{"ocean_post_layout":"","ocean_both_sidebars_style":"","ocean_both_sidebars_content_width":0,"ocean_both_sidebars_sidebars_width":0,"ocean_sidebar":"","ocean_second_sidebar":"","ocean_disable_margins":"enable","ocean_add_body_class":"","ocean_shortcode_before_top_bar":"","ocean_shortcode_after_top_bar":"","ocean_shortcode_before_header":"","ocean_shortcode_after_header":"","ocean_has_shortcode":"","ocean_shortcode_after_title":"","ocean_shortcode_before_footer_widgets":"","ocean_shortcode_after_footer_widgets":"","ocean_shortcode_before_footer_bottom":"","ocean_shortcode_after_footer_bottom":"","ocean_display_top_bar":"default","ocean_display_header":"default","ocean_header_style":"","ocean_center_header_left_menu":"","ocean_custom_header_template":"","ocean_custom_logo":0,"ocean_custom_retina_logo":0,"ocean_custom_logo_max_width":0,"ocean_custom_logo_tablet_max_width":0,"ocean_custom_logo_mobile_max_width":0,"ocean_custom_logo_max_height":0,"ocean_custom_logo_tablet_max_height":0,"ocean_custom_logo_mobile_max_height":0,"ocean_header_custom_menu":"","ocean_menu_typo_font_family":"","ocean_menu_typo_font_subset":"","ocean_menu_typo_font_size":0,"ocean_menu_typo_font_size_tablet":0,"ocean_menu_typo_font_size_mobile":0,"ocean_menu_typo_font_size_unit":"px","ocean_menu_typo_font_weight":"","ocean_menu_typo_font_weight_tablet":"","ocean_menu_typo_font_weight_mobile":"","ocean_menu_typo_transform":"","ocean_menu_typo_transform_tablet":"","ocean_menu_typo_transform_mobile":"","ocean_menu_typo_line_height":0,"ocean_menu_typo_line_height_tablet":0,"ocean_menu_typo_line_height_mobile":0,"ocean_menu_typo_line_height_unit":"","ocean_menu_typo_spacing":0,"ocean_menu_typo_spacing_tablet":0,"ocean_menu_typo_spacing_mobile":0,"ocean_menu_typo_spacing_unit":"","ocean_menu_link_color":"","ocean_menu_link_color_hover":"","ocean_menu_link_color_active":"","ocean_menu_link_background":"","ocean_menu_link_hover_background":"","ocean_menu_link_active_background":"","ocean_menu_social_links_bg":"","ocean_menu_social_hover_links_bg":"","ocean_menu_social_links_color":"","ocean_menu_social_hover_links_color":"","ocean_disable_title":"default","ocean_disable_heading":"default","ocean_post_title":"","ocean_post_subheading":"","ocean_post_title_style":"","ocean_post_title_background_color":"","ocean_post_title_background":0,"ocean_post_title_bg_image_position":"","ocean_post_title_bg_image_attachment":"","ocean_post_title_bg_image_repeat":"","ocean_post_title_bg_image_size":"","ocean_post_title_height":0,"ocean_post_title_bg_overlay":0.5,"ocean_post_title_bg_overlay_color":"","ocean_disable_breadcrumbs":"default","ocean_breadcrumbs_color":"","ocean_breadcrumbs_separator_color":"","ocean_breadcrumbs_links_color":"","ocean_breadcrumbs_links_hover_color":"","ocean_display_footer_widgets":"default","ocean_display_footer_bottom":"default","ocean_custom_footer_template":"","jetpack_post_was_ever_published":false,"footnotes":""},"class_list":["post-232","page","type-page","status-publish","hentry","entry"],"jetpack_sharing_enabled":true,"_links":{"self":[{"href":"https:\/\/literartium.ovh\/index.php\/wp-json\/wp\/v2\/pages\/232","targetHints":{"allow":["GET"]}}],"collection":[{"href":"https:\/\/literartium.ovh\/index.php\/wp-json\/wp\/v2\/pages"}],"about":[{"href":"https:\/\/literartium.ovh\/index.php\/wp-json\/wp\/v2\/types\/page"}],"author":[{"embeddable":true,"href":"https:\/\/literartium.ovh\/index.php\/wp-json\/wp\/v2\/users\/1"}],"replies":[{"embeddable":true,"href":"https:\/\/literartium.ovh\/index.php\/wp-json\/wp\/v2\/comments?post=232"}],"version-history":[{"count":21,"href":"https:\/\/literartium.ovh\/index.php\/wp-json\/wp\/v2\/pages\/232\/revisions"}],"predecessor-version":[{"id":751,"href":"https:\/\/literartium.ovh\/index.php\/wp-json\/wp\/v2\/pages\/232\/revisions\/751"}],"wp:attachment":[{"href":"https:\/\/literartium.ovh\/index.php\/wp-json\/wp\/v2\/media?parent=232"}],"curies":[{"name":"wp","href":"https:\/\/api.w.org\/{rel}","templated":true}]}}