{"id":37,"date":"2023-12-30T17:28:05","date_gmt":"2023-12-30T16:28:05","guid":{"rendered":"https:\/\/literartium.ovh\/?page_id=37"},"modified":"2024-05-20T18:19:50","modified_gmt":"2024-05-20T16:19:50","slug":"animaescripta","status":"publish","type":"page","link":"https:\/\/literartium.ovh\/index.php\/animaescripta\/","title":{"rendered":"AnimaeScripta"},"content":{"rendered":"\n<h2 class=\"wp-block-heading\"><strong>AnimaeScripta<\/strong><\/h2>\n\n\n\n<p class=\"has-text-align-center\" id=\"block-f6f85717-e95a-462c-bb35-0a3cff724d0c\">C\u2019est le nom de l\u2019association qui regroupe les activit\u00e9s en lien avec les ateliers d\u2019\u00e9criture et les diff\u00e9rents travaux d&rsquo;\u00e9criture. Ces activit\u00e9s appartiennent aux champs des arts, de la communication et de fait de la formation.<\/p>\n\n\n\n<div class=\"wp-block-group\"><div class=\"wp-block-group__inner-container is-layout-flow wp-block-group-is-layout-flow\">\n<div class=\"wp-block-media-text is-stacked-on-mobile\" style=\"grid-template-columns:31% auto\"><figure class=\"wp-block-media-text__media\"><img loading=\"lazy\" decoding=\"async\" width=\"766\" height=\"1024\" src=\"https:\/\/literartium.ovh\/wp-content\/uploads\/2024\/01\/IMG_20221030_124243-766x1024.jpg\" alt=\"\" class=\"wp-image-460 size-full\" srcset=\"https:\/\/literartium.ovh\/wp-content\/uploads\/2024\/01\/IMG_20221030_124243-766x1024.jpg 766w, https:\/\/literartium.ovh\/wp-content\/uploads\/2024\/01\/IMG_20221030_124243-224x300.jpg 224w, https:\/\/literartium.ovh\/wp-content\/uploads\/2024\/01\/IMG_20221030_124243-768x1026.jpg 768w, https:\/\/literartium.ovh\/wp-content\/uploads\/2024\/01\/IMG_20221030_124243-1149x1536.jpg 1149w, https:\/\/literartium.ovh\/wp-content\/uploads\/2024\/01\/IMG_20221030_124243-1532x2048.jpg 1532w, https:\/\/literartium.ovh\/wp-content\/uploads\/2024\/01\/IMG_20221030_124243-scaled.jpg 1916w\" sizes=\"auto, (max-width: 766px) 100vw, 766px\" \/><\/figure><div class=\"wp-block-media-text__content\">\n<p><\/p>\n\n\n\n<blockquote class=\"wp-block-quote is-layout-flow wp-block-quote-is-layout-flow\">\n<p class=\"has-text-align-center\"><em>L&rsquo;ECRITURE<br>[&#8230;] Sans doute nul n&rsquo;a besoin de tant d&rsquo;espace vital<br>Mais l&rsquo;\u00e9criture exige des solitudes et des d\u00e9serts<br>Et des choses visibles comme si c&rsquo;\u00e9tait d&rsquo;autres choses<br>[&#8230;] Le blanc du papier les araign\u00e9es de l&rsquo;\u00e9criture<br>Et la lumi\u00e8re de la bougie &#8211; comme dans certains tableaux <br>Rendant toute chose attentive<\/em>        <\/p>\n<cite>Sophia de Mello Breyner Andresen<\/cite><\/blockquote>\n<\/div><\/div>\n<\/div><\/div>\n\n\n\n<p><\/p>\n\n\n\n<div style=\"height:100px\" aria-hidden=\"true\" class=\"wp-block-spacer\"><\/div>\n\n\n\n<h1 class=\"wp-block-heading has-text-align-center\"><strong>Les ateliers d&rsquo;\u00e9criture<\/strong><\/h1>\n\n\n\n<blockquote class=\"wp-block-quote is-layout-flow wp-block-quote-is-layout-flow\">\n<div class=\"wp-block-media-text has-media-on-the-right is-stacked-on-mobile\" style=\"grid-template-columns:auto 36%\"><div class=\"wp-block-media-text__content\">\n<p><\/p>\n\n\n\n<blockquote class=\"wp-block-quote is-layout-flow wp-block-quote-is-layout-flow\">\n<p><em>\u00ab\u00a0Il n&rsquo;y a qu&rsquo;une mani\u00e8re d&rsquo;\u00e9crire pour tous, c&rsquo;est d&rsquo;\u00e9crire sans penser \u00e0 personne, pour ce qu&rsquo;on a en soi d&rsquo;essentiel et de profond\u00a0\u00bb<\/em>                        <\/p>\n<cite> Marcel Proust<\/cite><\/blockquote>\n<\/div><figure class=\"wp-block-media-text__media\"><img loading=\"lazy\" decoding=\"async\" width=\"1024\" height=\"769\" src=\"https:\/\/literartium.ovh\/wp-content\/uploads\/2023\/08\/IMG_20230717_101245-b-1024x769.jpg\" alt=\"\" class=\"wp-image-129 size-full\" srcset=\"https:\/\/literartium.ovh\/wp-content\/uploads\/2023\/08\/IMG_20230717_101245-b-1024x769.jpg 1024w, https:\/\/literartium.ovh\/wp-content\/uploads\/2023\/08\/IMG_20230717_101245-b-300x225.jpg 300w, https:\/\/literartium.ovh\/wp-content\/uploads\/2023\/08\/IMG_20230717_101245-b-768x577.jpg 768w, https:\/\/literartium.ovh\/wp-content\/uploads\/2023\/08\/IMG_20230717_101245-b-1536x1154.jpg 1536w, https:\/\/literartium.ovh\/wp-content\/uploads\/2023\/08\/IMG_20230717_101245-b-2048x1539.jpg 2048w\" sizes=\"auto, (max-width: 1024px) 100vw, 1024px\" \/><\/figure><\/div>\n<\/blockquote>\n\n\n\n<h3 class=\"wp-block-heading\">&#8211; Qu\u2019est-ce qu\u2019un atelier d\u2019\u00e9criture&nbsp;?<\/h3>\n\n\n\n<p id=\"block-732bec0a-7804-4caf-9606-673145eb92e9\">C&rsquo;est un groupe de personnes (au nombre de dix environ) qui se retrouve autour d&rsquo;un animateur d&rsquo;atelier d&rsquo;\u00e9criture, dans un lieu d\u00e9termin\u00e9, ou \u00e0 d\u00e9terminer, pour un moment d&rsquo;une dur\u00e9e variable, de 1 heure \u00e0 3 heures le plus souvent, <strong>pour \u00e9crire en se laissant guider<\/strong> \u00e9tapes par \u00e9tapes au gr\u00e9 de propositions simples et inoffensives, mais toujours ludiques, <strong>et propres \u00e0 faciliter l&rsquo;\u00e9criture<\/strong>.<\/p>\n\n\n\n<p id=\"block-2ba30398-8d9e-43f2-be3d-2290ad91c5cb\">Au d\u00e9part il y a une invitation avec un th\u00e8me cadre, puis des sujets plus pr\u00e9cis lancent l&rsquo;\u00e9criture &#8230; <\/p>\n\n\n\n<p id=\"block-2ba30398-8d9e-43f2-be3d-2290ad91c5cb\">Et c&rsquo;est parti ! <strong>chaque participant ouvre les portes de sa cr\u00e9ativit\u00e9 et de ses ressources insoup\u00e7onn\u00e9es<\/strong> !<\/p>\n\n\n\n<h3 class=\"wp-block-heading\">&#8211; Pour qui&nbsp;?<\/h3>\n\n\n\n<ul class=\"wp-block-list\" id=\"block-3db50e96-b22d-4b83-9007-f1b7776525b5\">\n<li>Les particuliers<\/li>\n\n\n\n<li>Les entreprises<\/li>\n\n\n\n<li>Les espaces culturels et artistiques divers<\/li>\n\n\n\n<li>Les lieux associatifs et collectivit\u00e9s diverses<\/li>\n\n\n\n<li>Pour accompagner un \u00e9v\u00e9nement priv\u00e9 ou public<\/li>\n<\/ul>\n\n\n\n<h3 class=\"wp-block-heading\">&#8211; Quelles en sont les vertus&nbsp;?<\/h3>\n\n\n\n<ul class=\"wp-block-list\" id=\"block-657dcb68-66a9-4902-9b09-1b9e18927c12\">\n<li>Favoriser l\u2019expression de chacun<\/li>\n\n\n\n<li>Valoriser des comp\u00e9tences<\/li>\n\n\n\n<li>Cr\u00e9er du lien<\/li>\n\n\n\n<li>Proposer une activit\u00e9 cr\u00e9ative et ludique<\/li>\n\n\n\n<li>D\u00e9couvrir des lieux<\/li>\n\n\n\n<li>Faire conna\u00eetre un domaine<\/li>\n\n\n\n<li>Partager des exp\u00e9riences<\/li>\n\n\n\n<li>Vivre un \u00e9v\u00e9nement de proximit\u00e9<\/li>\n\n\n\n<li>Accompagner et enrichir un \u00e9v\u00e9nement particulier<\/li>\n<\/ul>\n\n\n\n<h3 class=\"wp-block-heading\">&#8211; Quelles sont les propositions ?<\/h3>\n\n\n\n<ul class=\"wp-block-list\">\n<li>Des ateliers mensuels organis\u00e9s sur la saison dans des lieux d\u00e9finis : m\u00e9diath\u00e8que L&rsquo;Envol des mots \u00e0 St Martin en Haut, l&rsquo;Espace culturel L&rsquo;Arc-en-ciel \u00e0 Chamboeuf, Le centre social LOISO de Sorbiers, <\/li>\n\n\n\n<li>Des ateliers mensuels organis\u00e9s en visio-conf\u00e9rence par zoom<\/li>\n\n\n\n<li>Des demi-journ\u00e9es, journ\u00e9es ou stages d&rsquo;\u00e9criture selon la demande des participants<\/li>\n\n\n\n<li>Des animations cr\u00e9\u00e9es \u00e0 la demande pour un \u00e9v\u00e9nement sp\u00e9cial<\/li>\n\n\n\n<li>Des dispositifs cl\u00e9s en main cr\u00e9\u00e9s selon la demande pr\u00eats \u00e0 \u00eatre utilis\u00e9s par une tierce personne qui animera elle-m\u00eame l&rsquo;\u00e9v\u00e9nement<\/li>\n\n\n\n<li>Un accompagnement dans le processus cr\u00e9atif d&rsquo;une forme sp\u00e9ciale<\/li>\n<\/ul>\n\n\n\n<h3 class=\"wp-block-heading\">&#8211; Les autres travaux d&rsquo;\u00e9criture<\/h3>\n\n\n\n<ul class=\"wp-block-list\">\n<li>Tous travaux d&rsquo;\u00e9crivain public pour particuliers, collectivit\u00e9s et entreprises<\/li>\n\n\n\n<li>Travaux d&rsquo;\u00e9criture de m\u00e9moire et biographique<\/li>\n\n\n\n<li>Tous types de textes ou de discours pour des occasions particuli\u00e8res et pour des \u00e9v\u00e9nements, priv\u00e9s ou publics<\/li>\n\n\n\n<li>Un accompagnement dans le processus d&rsquo;\u00e9criture<\/li>\n\n\n\n<li>Une force de conseil dans le domaine de l&rsquo;\u00e9criture<\/li>\n<\/ul>\n\n\n\n<h3 class=\"wp-block-heading\">&#8211; La question mat\u00e9rielle&nbsp;?<\/h3>\n\n\n\n<p id=\"block-d072339c-5975-4e6a-97b5-fe2aa8a50373\">Des devis, adapt\u00e9s \u00e0 votre projet, vous seront propos\u00e9s en fonction de votre demande et de votre statut<\/p>\n\n\n\n<p>Cependant, voici une base de prix, \u00e0 adapter en fonction de la distance et du nombre de participants :<\/p>\n\n\n\n<ul class=\"wp-block-list\">\n<li>Participation \u00e0 un atelier d&rsquo;\u00e9criture : de 10 \u00e0 15\u20ac de l&rsquo;heure par participant<\/li>\n\n\n\n<li>Achat d&rsquo;un dispositif d&rsquo;atelier en vue d&rsquo;une animation : le prix moyen est de 70\u20ac<\/li>\n\n\n\n<li>Achat d&rsquo;un atelier individuel : 20\u20ac<\/li>\n<\/ul>\n\n\n\n<div style=\"height:100px\" aria-hidden=\"true\" class=\"wp-block-spacer\"><\/div>\n\n\n\n<h3 class=\"wp-block-heading has-text-align-center\">&#8211; Pourquoi \u00e9crire ?<\/h3>\n\n\n\n<p class=\"has-text-align-center\">Les r\u00e9ponses de quelques auteurs &#8230;<\/p>\n\n\n\n<p class=\"has-text-align-center\">THOMAS BERNHARD <strong><em>Pour me distraire moi-m\u00eame et faire en sorte que je ne m&rsquo;ennuie pas dans ce monde<\/em>.<\/strong><\/p>\n\n\n\n<p class=\"has-text-align-center\">MANUEL VASQUEZ MONTALBAN <em><strong>J&rsquo;ai commenc\u00e9 \u00e0 \u00e9crire parce que je voulais \u00eatre grand, riche et beau.<\/strong><\/em><\/p>\n\n\n\n<p class=\"has-text-align-center\">JORGE LUIS BORGES <em><strong>J&rsquo;\u00e9cris pour moi, pour mes amis et pour adoucir le cours des choses.<\/strong><\/em><\/p>\n\n\n\n<p class=\"has-text-align-center\">ROLAND BARTHES <em><strong>On \u00e9crit pour sauver de la mort, non pas soi, mais ceux qu&rsquo;on aime.<\/strong><\/em><\/p>\n\n\n\n<p class=\"has-text-align-center\">GEORGES BATAILLE <em><strong>Ce qui m&rsquo;oblige \u00e0 \u00e9crire, j&rsquo;imagine, est la crainte de devenir fou.<\/strong><\/em><\/p>\n\n\n\n<p class=\"has-text-align-center\">GEORGES BERNANOS <em><strong>J&rsquo;\u00e9cris pour me justifier. Aux yeux de l&rsquo;enfant que je fus.<\/strong><\/em><\/p>\n\n\n\n<p class=\"has-text-align-center\">BOHUMIL HRABAL <em><strong>Ecrire, c&rsquo;est une fa\u00e7on de me d\u00e9fendre du suicide.<\/strong><\/em><\/p>\n\n\n\n<p class=\"has-text-align-center\">JEAN GIRAUDOUX <em><strong>Pour \u00eatre riche et consid\u00e9r\u00e9.<\/strong><\/em><\/p>\n\n\n\n<p class=\"has-text-align-center\">JOSEPH ROTH <em><strong>Pour que revienne le printemps.<\/strong><\/em><\/p>\n\n\n\n<p class=\"has-text-align-center\">PHILIPPE SOUPAULT <em><strong>Parce que cela m&rsquo;amuse.<\/strong><\/em><\/p>\n\n\n\n<p class=\"has-text-align-center\">LORD BYRON <em><strong>Pour plaire aux femmes.<\/strong><\/em><\/p>\n\n\n\n<p class=\"has-text-align-center\">SAINT-JOHN PERSE <em><strong>Pour mieux vivre.<\/strong><\/em><\/p>\n\n\n\n<p class=\"has-text-align-center\">JULES RENANRD <em><strong>Pour \u00eatre aim\u00e9.<\/strong><\/em><\/p>\n\n\n\n<p class=\"has-text-align-center\">SAMUEL BECKETT <em><strong>Bon qu&rsquo;\u00e0 \u00e7a.<\/strong><\/em><\/p>\n\n\n\n<p class=\"has-text-align-center\">PAUL VALERY <em><strong>Par faiblesse.<\/strong><\/em><\/p>\n\n\n\n<p class=\"has-text-align-center\">BLAISE CENDRARS <em><strong>Parce que.<\/strong><\/em><\/p>\n","protected":false},"excerpt":{"rendered":"<p>AnimaeScripta C\u2019est le nom de l\u2019association qui regroupe les activit\u00e9s en lien avec les ateliers d\u2019\u00e9criture et les diff\u00e9rents travaux d&rsquo;\u00e9criture. Ces activit\u00e9s appartiennent aux champs des arts, de la communication et de fait de la formation. L&rsquo;ECRITURE[&#8230;] Sans doute nul n&rsquo;a besoin de tant d&rsquo;espace vitalMais l&rsquo;\u00e9criture exige des solitudes et des d\u00e9sertsEt des [&hellip;]<\/p>\n","protected":false},"author":1,"featured_media":0,"parent":0,"menu_order":0,"comment_status":"closed","ping_status":"closed","template":"","meta":{"ocean_post_layout":"","ocean_both_sidebars_style":"","ocean_both_sidebars_content_width":0,"ocean_both_sidebars_sidebars_width":0,"ocean_sidebar":"","ocean_second_sidebar":"","ocean_disable_margins":"enable","ocean_add_body_class":"","ocean_shortcode_before_top_bar":"","ocean_shortcode_after_top_bar":"","ocean_shortcode_before_header":"","ocean_shortcode_after_header":"","ocean_has_shortcode":"","ocean_shortcode_after_title":"","ocean_shortcode_before_footer_widgets":"","ocean_shortcode_after_footer_widgets":"","ocean_shortcode_before_footer_bottom":"","ocean_shortcode_after_footer_bottom":"","ocean_display_top_bar":"default","ocean_display_header":"default","ocean_header_style":"","ocean_center_header_left_menu":"","ocean_custom_header_template":"","ocean_custom_logo":0,"ocean_custom_retina_logo":0,"ocean_custom_logo_max_width":0,"ocean_custom_logo_tablet_max_width":0,"ocean_custom_logo_mobile_max_width":0,"ocean_custom_logo_max_height":0,"ocean_custom_logo_tablet_max_height":0,"ocean_custom_logo_mobile_max_height":0,"ocean_header_custom_menu":"","ocean_menu_typo_font_family":"","ocean_menu_typo_font_subset":"","ocean_menu_typo_font_size":0,"ocean_menu_typo_font_size_tablet":0,"ocean_menu_typo_font_size_mobile":0,"ocean_menu_typo_font_size_unit":"px","ocean_menu_typo_font_weight":"","ocean_menu_typo_font_weight_tablet":"","ocean_menu_typo_font_weight_mobile":"","ocean_menu_typo_transform":"","ocean_menu_typo_transform_tablet":"","ocean_menu_typo_transform_mobile":"","ocean_menu_typo_line_height":0,"ocean_menu_typo_line_height_tablet":0,"ocean_menu_typo_line_height_mobile":0,"ocean_menu_typo_line_height_unit":"","ocean_menu_typo_spacing":0,"ocean_menu_typo_spacing_tablet":0,"ocean_menu_typo_spacing_mobile":0,"ocean_menu_typo_spacing_unit":"","ocean_menu_link_color":"","ocean_menu_link_color_hover":"","ocean_menu_link_color_active":"","ocean_menu_link_background":"","ocean_menu_link_hover_background":"","ocean_menu_link_active_background":"","ocean_menu_social_links_bg":"","ocean_menu_social_hover_links_bg":"","ocean_menu_social_links_color":"","ocean_menu_social_hover_links_color":"","ocean_disable_title":"default","ocean_disable_heading":"default","ocean_post_title":"","ocean_post_subheading":"","ocean_post_title_style":"","ocean_post_title_background_color":"","ocean_post_title_background":0,"ocean_post_title_bg_image_position":"","ocean_post_title_bg_image_attachment":"","ocean_post_title_bg_image_repeat":"","ocean_post_title_bg_image_size":"","ocean_post_title_height":0,"ocean_post_title_bg_overlay":0.5,"ocean_post_title_bg_overlay_color":"","ocean_disable_breadcrumbs":"default","ocean_breadcrumbs_color":"","ocean_breadcrumbs_separator_color":"","ocean_breadcrumbs_links_color":"","ocean_breadcrumbs_links_hover_color":"","ocean_display_footer_widgets":"default","ocean_display_footer_bottom":"default","ocean_custom_footer_template":"","jetpack_post_was_ever_published":false,"footnotes":""},"class_list":["post-37","page","type-page","status-publish","hentry","entry"],"jetpack_sharing_enabled":true,"_links":{"self":[{"href":"https:\/\/literartium.ovh\/index.php\/wp-json\/wp\/v2\/pages\/37","targetHints":{"allow":["GET"]}}],"collection":[{"href":"https:\/\/literartium.ovh\/index.php\/wp-json\/wp\/v2\/pages"}],"about":[{"href":"https:\/\/literartium.ovh\/index.php\/wp-json\/wp\/v2\/types\/page"}],"author":[{"embeddable":true,"href":"https:\/\/literartium.ovh\/index.php\/wp-json\/wp\/v2\/users\/1"}],"replies":[{"embeddable":true,"href":"https:\/\/literartium.ovh\/index.php\/wp-json\/wp\/v2\/comments?post=37"}],"version-history":[{"count":48,"href":"https:\/\/literartium.ovh\/index.php\/wp-json\/wp\/v2\/pages\/37\/revisions"}],"predecessor-version":[{"id":817,"href":"https:\/\/literartium.ovh\/index.php\/wp-json\/wp\/v2\/pages\/37\/revisions\/817"}],"wp:attachment":[{"href":"https:\/\/literartium.ovh\/index.php\/wp-json\/wp\/v2\/media?parent=37"}],"curies":[{"name":"wp","href":"https:\/\/api.w.org\/{rel}","templated":true}]}}