{"id":40,"date":"2023-12-30T17:28:05","date_gmt":"2023-12-30T16:28:05","guid":{"rendered":"https:\/\/literartium.ovh\/?page_id=40"},"modified":"2025-09-21T16:54:02","modified_gmt":"2025-09-21T14:54:02","slug":"actualite","status":"publish","type":"page","link":"https:\/\/literartium.ovh\/index.php\/actualite\/","title":{"rendered":"Actualit\u00e9"},"content":{"rendered":"\n<div class=\"wp-block-media-text is-stacked-on-mobile\" style=\"grid-template-columns:26% auto\"><figure class=\"wp-block-media-text__media\"><img loading=\"lazy\" decoding=\"async\" width=\"766\" height=\"1024\" src=\"https:\/\/literartium.ovh\/wp-content\/uploads\/2023\/12\/IMG_20230614_083026-766x1024.jpg\" alt=\"\" class=\"wp-image-136 size-full\" srcset=\"https:\/\/literartium.ovh\/wp-content\/uploads\/2023\/12\/IMG_20230614_083026-766x1024.jpg 766w, https:\/\/literartium.ovh\/wp-content\/uploads\/2023\/12\/IMG_20230614_083026-224x300.jpg 224w, https:\/\/literartium.ovh\/wp-content\/uploads\/2023\/12\/IMG_20230614_083026-768x1026.jpg 768w, https:\/\/literartium.ovh\/wp-content\/uploads\/2023\/12\/IMG_20230614_083026-1149x1536.jpg 1149w, https:\/\/literartium.ovh\/wp-content\/uploads\/2023\/12\/IMG_20230614_083026-1532x2048.jpg 1532w, https:\/\/literartium.ovh\/wp-content\/uploads\/2023\/12\/IMG_20230614_083026-scaled.jpg 1916w\" sizes=\"auto, (max-width: 766px) 100vw, 766px\" \/><\/figure><div class=\"wp-block-media-text__content\">\n<p><\/p>\n\n\n\n<blockquote class=\"wp-block-quote is-layout-flow wp-block-quote-is-layout-flow\">\n<p>J&rsquo;ATTENDS<br>Je t&rsquo;attends obstin\u00e9ment toute la journ\u00e9e,<br>Quand monte sur la plage, grise et dor\u00e9e,<br>La brume<br>Et il y a en toute chose l&rsquo;augure<br>D&rsquo;une fantastique venue.<\/p>\n<cite>Sophia de Mello Breyner Andresen<\/cite><\/blockquote>\n<\/div><\/div>\n\n\n\n<div style=\"height:100px\" aria-hidden=\"true\" class=\"wp-block-spacer\"><\/div>\n\n\n\n<p><\/p>\n\n\n\n<h2 class=\"wp-block-heading\"> Nouveaux ateliers, \u00e9criture, parution, expositions<\/h2>\n\n\n\n<ol class=\"wp-block-list\">\n<li><strong>Les ateliers d&rsquo;\u00e9criture de la nouvelle saison<\/strong>\u00a0<strong>2025\/2026 <\/strong>d\u00e8s septembre  :<\/li>\n<\/ol>\n\n\n\n<ul class=\"wp-block-list\">\n<li>\u00e0<strong> la m\u00e9diath\u00e8que de St Martin en haut<\/strong> \u00ab\u00a0L&rsquo;envol des mots\u00a0\u00bb, les samedis de 14h \u00e0 16h. Dates \u00e0 venir : <strong>27<\/strong> septembre, <strong>18<\/strong> octobre, <strong>15 <\/strong>novembre, <strong>13<\/strong> d\u00e9cembre, <strong>17<\/strong> janvier, <strong>28<\/strong> f\u00e9vrier, <strong>21<\/strong> mars,<strong> 25<\/strong> avril,<strong> 30<\/strong> mai,<strong> 27<\/strong> juin<\/li>\n\n\n\n<li>\u00e0 <strong>l&rsquo;espace \u00ab\u00a0Arc-en-ciel\u00a0\u00bb de Chamboeuf<\/strong>, les lundis de 18h15 \u00e0 20h15. Dates \u00e0 venir : 13octobre, <strong>17<\/strong> novembre, <strong>15<\/strong> d\u00e9cembre, <strong>19 <\/strong>janvier,<strong>23<\/strong> f\u00e9vrier, <strong>23 <\/strong>mars, <strong>20<\/strong> ou <strong>27 <\/strong>avril,  <strong>18<\/strong> mai, <strong>29<\/strong> juin<\/li>\n\n\n\n<li>au <strong>centre social de Sorbiers<\/strong>, les mercredis de 14h30 \u00e0 16h30 et des samedi matin de 9h30 \u00e0 11h30. Dates \u00e0 venir : <strong>24<\/strong> septembre, un samedi en d\u00e9cembre, <strong>25<\/strong> mars, <strong>16<\/strong> avril, <strong>30<\/strong> mai<\/li>\n\n\n\n<li>par zoom un atelier mensuel le vendredi de 17h \u00e0 19h. Envoyez un mail (rosemary.kaidi@pronmail.com) si vous \u00eates int\u00e9ress\u00e9 pour \u00eatre inform\u00e9.le premier \u00e0 lieu le  <strong>17 <\/strong>octobre<\/li>\n<\/ul>\n\n\n\n<p>2.<strong> Divers <\/strong>:<\/p>\n\n\n\n<ul class=\"wp-block-list\">\n<li><strong>S\u00e9jour d&rsquo;\u00e9criture \u00e0 l&rsquo;Abbaye Sainte-Marie-de-la-Pierre-qui-vire <\/strong>\u00e0 Saint-L\u00e9ger-Vauban <strong>du 4 au 6 juillet<\/strong> 2025. <\/li>\n\n\n\n<li><strong>S\u00e9jour d&rsquo;\u00e9criture au couvent de La Tourette \u00e0 Eveux du 9 au 11 ao\u00fbt<\/strong> 2024 autour du th\u00e8me \u00ab\u00a0\u00e9criture de soi, \u00e9criture autobiographique\u00a0\u00bb comme pr\u00e9texte \u00e0 toute forme d&rsquo;\u00e9criture &#8230; Voil\u00e0, c&rsquo;est fait ! Et quelle belle exp\u00e9rience. A renouveler.<\/li>\n\n\n\n<li>Publication d&rsquo;un ouvrage sur les ateliers d&rsquo;\u00e9criture : <strong><em>Petit laboratoire de cr\u00e9ativit\u00e9<\/em><\/strong>, <em>71 ateliers d&rsquo;\u00e9criture aux humeurs du temps<\/em>, disponible sur Amazon<\/li>\n<\/ul>\n\n\n\n<p><img decoding=\"async\" src=\"https:\/\/literartium.ovh\/wp-content\/uploads\/2024\/03\/image-livre.png\" alt=\"L\u2019attribut alt de cette image est vide, son nom de fichier est image-livre.png.\"><\/p>\n\n\n\n<ul class=\"wp-block-list\">\n<li>Pr\u00e9paration d&rsquo;autres expositions de peinture<\/li>\n<\/ul>\n","protected":false},"excerpt":{"rendered":"<p>Nouveaux ateliers, \u00e9criture, parution, expositions 2. Divers :<\/p>\n","protected":false},"author":1,"featured_media":0,"parent":0,"menu_order":0,"comment_status":"closed","ping_status":"closed","template":"","meta":{"ocean_post_layout":"","ocean_both_sidebars_style":"","ocean_both_sidebars_content_width":0,"ocean_both_sidebars_sidebars_width":0,"ocean_sidebar":"","ocean_second_sidebar":"","ocean_disable_margins":"enable","ocean_add_body_class":"","ocean_shortcode_before_top_bar":"","ocean_shortcode_after_top_bar":"","ocean_shortcode_before_header":"","ocean_shortcode_after_header":"","ocean_has_shortcode":"","ocean_shortcode_after_title":"","ocean_shortcode_before_footer_widgets":"","ocean_shortcode_after_footer_widgets":"","ocean_shortcode_before_footer_bottom":"","ocean_shortcode_after_footer_bottom":"","ocean_display_top_bar":"default","ocean_display_header":"default","ocean_header_style":"","ocean_center_header_left_menu":"","ocean_custom_header_template":"","ocean_custom_logo":0,"ocean_custom_retina_logo":0,"ocean_custom_logo_max_width":0,"ocean_custom_logo_tablet_max_width":0,"ocean_custom_logo_mobile_max_width":0,"ocean_custom_logo_max_height":0,"ocean_custom_logo_tablet_max_height":0,"ocean_custom_logo_mobile_max_height":0,"ocean_header_custom_menu":"","ocean_menu_typo_font_family":"","ocean_menu_typo_font_subset":"","ocean_menu_typo_font_size":0,"ocean_menu_typo_font_size_tablet":0,"ocean_menu_typo_font_size_mobile":0,"ocean_menu_typo_font_size_unit":"px","ocean_menu_typo_font_weight":"","ocean_menu_typo_font_weight_tablet":"","ocean_menu_typo_font_weight_mobile":"","ocean_menu_typo_transform":"","ocean_menu_typo_transform_tablet":"","ocean_menu_typo_transform_mobile":"","ocean_menu_typo_line_height":0,"ocean_menu_typo_line_height_tablet":0,"ocean_menu_typo_line_height_mobile":0,"ocean_menu_typo_line_height_unit":"","ocean_menu_typo_spacing":0,"ocean_menu_typo_spacing_tablet":0,"ocean_menu_typo_spacing_mobile":0,"ocean_menu_typo_spacing_unit":"","ocean_menu_link_color":"","ocean_menu_link_color_hover":"","ocean_menu_link_color_active":"","ocean_menu_link_background":"","ocean_menu_link_hover_background":"","ocean_menu_link_active_background":"","ocean_menu_social_links_bg":"","ocean_menu_social_hover_links_bg":"","ocean_menu_social_links_color":"","ocean_menu_social_hover_links_color":"","ocean_disable_title":"default","ocean_disable_heading":"default","ocean_post_title":"","ocean_post_subheading":"","ocean_post_title_style":"","ocean_post_title_background_color":"","ocean_post_title_background":0,"ocean_post_title_bg_image_position":"","ocean_post_title_bg_image_attachment":"","ocean_post_title_bg_image_repeat":"","ocean_post_title_bg_image_size":"","ocean_post_title_height":0,"ocean_post_title_bg_overlay":0.5,"ocean_post_title_bg_overlay_color":"","ocean_disable_breadcrumbs":"default","ocean_breadcrumbs_color":"","ocean_breadcrumbs_separator_color":"","ocean_breadcrumbs_links_color":"","ocean_breadcrumbs_links_hover_color":"","ocean_display_footer_widgets":"default","ocean_display_footer_bottom":"default","ocean_custom_footer_template":"","jetpack_post_was_ever_published":false,"footnotes":""},"class_list":["post-40","page","type-page","status-publish","hentry","entry"],"jetpack_sharing_enabled":true,"_links":{"self":[{"href":"https:\/\/literartium.ovh\/index.php\/wp-json\/wp\/v2\/pages\/40","targetHints":{"allow":["GET"]}}],"collection":[{"href":"https:\/\/literartium.ovh\/index.php\/wp-json\/wp\/v2\/pages"}],"about":[{"href":"https:\/\/literartium.ovh\/index.php\/wp-json\/wp\/v2\/types\/page"}],"author":[{"embeddable":true,"href":"https:\/\/literartium.ovh\/index.php\/wp-json\/wp\/v2\/users\/1"}],"replies":[{"embeddable":true,"href":"https:\/\/literartium.ovh\/index.php\/wp-json\/wp\/v2\/comments?post=40"}],"version-history":[{"count":30,"href":"https:\/\/literartium.ovh\/index.php\/wp-json\/wp\/v2\/pages\/40\/revisions"}],"predecessor-version":[{"id":2290,"href":"https:\/\/literartium.ovh\/index.php\/wp-json\/wp\/v2\/pages\/40\/revisions\/2290"}],"wp:attachment":[{"href":"https:\/\/literartium.ovh\/index.php\/wp-json\/wp\/v2\/media?parent=40"}],"curies":[{"name":"wp","href":"https:\/\/api.w.org\/{rel}","templated":true}]}}